{"id":328,"date":"2021-12-03T19:49:33","date_gmt":"2021-12-03T18:49:33","guid":{"rendered":"https:\/\/librairie.abmci.com\/?post_type=product&#038;p=328"},"modified":"2021-12-03T19:58:19","modified_gmt":"2021-12-03T18:58:19","slug":"ami-pour-toujours-la-bible-pour-enfant","status":"publish","type":"product","link":"https:\/\/librairie.abmci.com\/index.php\/produit\/ami-pour-toujours-la-bible-pour-enfant\/","title":{"rendered":"Ami pour toujours &#8211; La bible pour enfant"},"content":{"rendered":"<p>Bible traduction en Fran\u00e7ais Fondamental (Parole de Vie), pour les enfants de 7 \u00e0 11 ans.<\/p>\n<p>Un style direct et simple qui rend accessible \u00e0 tous le texte biblique complet. Cette \u00e9dition comporte des introductions g\u00e9n\u00e9rales, des notes et un vocabulaire.<\/p>\n<p>\u00ab\u00a0Voici une nouvelle Bible pour toi ! Dans ce livre tu vas rencontrer J\u00e9sus qui peut devenir ton meilleur ami, et vous serez \u00ab\u00a0amis pour toujours\u00a0\u00bb.<br \/>\nLis ce que Dieu dit et partage-le avec tes amis. N&rsquo;oublie pas que J\u00e9sus sera ton ami pour toujours !<\/p>\n<p>Caract\u00e9ristiques :<\/p>\n<ul>\n<li>Int\u00e9rieur illustr\u00e9 et color\u00e9,<\/li>\n<li>Couverture rigide,<\/li>\n<li>Sans les deut\u00e9rocanoniques.<\/li>\n<\/ul>\n","protected":false},"excerpt":{"rendered":"<p>Bible traduction en Fran\u00e7ais Fondamental (Parole de Vie), pour les enfants de 7 \u00e0 11 ans.<\/p>\n","protected":false},"featured_media":329,"comment_status":"open","ping_status":"closed","template":"","meta":{"_et_pb_use_builder":"","_et_pb_old_content":"","_et_gb_content_width":""},"product_cat":[20,21],"product_tag":[],"class_list":["post-328","product","type-product","status-publish","has-post-thumbnail","hentry","product_cat-bible","product_cat-kids-ado"],"_links":{"self":[{"href":"https:\/\/librairie.abmci.com\/index.php\/wp-json\/wp\/v2\/product\/328","targetHints":{"allow":["GET"]}}],"collection":[{"href":"https:\/\/librairie.abmci.com\/index.php\/wp-json\/wp\/v2\/product"}],"about":[{"href":"https:\/\/librairie.abmci.com\/index.php\/wp-json\/wp\/v2\/types\/product"}],"replies":[{"embeddable":true,"href":"https:\/\/librairie.abmci.com\/index.php\/wp-json\/wp\/v2\/comments?post=328"}],"wp:featuredmedia":[{"embeddable":true,"href":"https:\/\/librairie.abmci.com\/index.php\/wp-json\/wp\/v2\/media\/329"}],"wp:attachment":[{"href":"https:\/\/librairie.abmci.com\/index.php\/wp-json\/wp\/v2\/media?parent=328"}],"wp:term":[{"taxonomy":"product_cat","embeddable":true,"href":"https:\/\/librairie.abmci.com\/index.php\/wp-json\/wp\/v2\/product_cat?post=328"},{"taxonomy":"product_tag","embeddable":true,"href":"https:\/\/librairie.abmci.com\/index.php\/wp-json\/wp\/v2\/product_tag?post=328"}],"curies":[{"name":"wp","href":"https:\/\/api.w.org\/{rel}","templated":true}]}}