{"id":32,"date":"2021-01-29T16:45:28","date_gmt":"2021-01-29T15:45:28","guid":{"rendered":"http:\/\/librairie.abmci.com\/index.php\/produit\/import-placeholder-for-3788\/"},"modified":"2025-05-30T15:36:23","modified_gmt":"2025-05-30T13:36:23","slug":"reussir-sa-vie-alexandre-amazou","status":"publish","type":"product","link":"https:\/\/librairie.abmci.com\/index.php\/produit\/reussir-sa-vie-alexandre-amazou\/","title":{"rendered":"R\u00c9USSIR SA VIE | ALEXANDRE AMAZOU"},"content":{"rendered":"<p>[et_pb_section fb_built=\u00a0\u00bb1&Prime; _builder_version=\u00a0\u00bb3.22&Prime; custom_padding=\u00a0\u00bb0px||||false|false\u00a0\u00bb][et_pb_row _builder_version=\u00a0\u00bb3.25&Prime; background_size=\u00a0\u00bbinitial\u00a0\u00bb background_position=\u00a0\u00bbtop_left\u00a0\u00bb background_repeat=\u00a0\u00bbrepeat\u00a0\u00bb width=\u00a0\u00bb100%\u00a0\u00bb custom_padding=\u00a0\u00bb0px||0px||false|false\u00a0\u00bb][et_pb_column type=\u00a0\u00bb4_4&Prime; _builder_version=\u00a0\u00bb3.25&Prime; custom_padding=\u00a0\u00bb|||\u00a0\u00bb custom_padding__hover=\u00a0\u00bb|||\u00a0\u00bb][et_pb_wc_breadcrumb _builder_version=\u00a0\u00bb3.0.47&Prime;][\/et_pb_wc_breadcrumb][et_pb_wc_cart_notice _builder_version=\u00a0\u00bb3.0.47&Prime;][\/et_pb_wc_cart_notice][\/et_pb_column][\/et_pb_row][et_pb_row column_structure=\u00a0\u00bb1_2,1_2&Prime; _builder_version=\u00a0\u00bb3.25&Prime; background_size=\u00a0\u00bbinitial\u00a0\u00bb background_position=\u00a0\u00bbtop_left\u00a0\u00bb background_repeat=\u00a0\u00bbrepeat\u00a0\u00bb width=\u00a0\u00bb100%\u00a0\u00bb custom_padding=\u00a0\u00bb0px||||false|false\u00a0\u00bb][et_pb_column type=\u00a0\u00bb1_2&Prime; _builder_version=\u00a0\u00bb3.25&Prime; custom_padding=\u00a0\u00bb|||\u00a0\u00bb custom_padding__hover=\u00a0\u00bb|||\u00a0\u00bb][et_pb_wc_images _builder_version=\u00a0\u00bb3.0.47&Prime;][\/et_pb_wc_images][\/et_pb_column][et_pb_column type=\u00a0\u00bb1_2&Prime; _builder_version=\u00a0\u00bb3.25&Prime; custom_padding=\u00a0\u00bb|||\u00a0\u00bb custom_padding__hover=\u00a0\u00bb|||\u00a0\u00bb][et_pb_wc_title _builder_version=\u00a0\u00bb3.0.47&Prime;][\/et_pb_wc_title][et_pb_wc_rating _builder_version=\u00a0\u00bb3.0.47&Prime;][\/et_pb_wc_rating][et_pb_wc_price _builder_version=\u00a0\u00bb3.0.47&Prime;][\/et_pb_wc_price][et_pb_wc_description _builder_version=\u00a0\u00bb3.0.47&Prime;][\/et_pb_wc_description][et_pb_wc_add_to_cart _builder_version=\u00a0\u00bb4.8.1&Prime;][\/et_pb_wc_add_to_cart][et_pb_image src=\u00a0\u00bbhttp:\/\/librairie.abmci.com\/wp-content\/uploads\/2021\/01\/disponible-sur-amazon.png\u00a0\u00bb title_text=\u00a0\u00bbdisponible sur amazon\u00a0\u00bb url=\u00a0\u00bbhttps:\/\/www.amazon.fr\/dp\/B09172J81F\/ref=cm_sw_em_r_mt_dp_EHRTC3GFX87DSYKN29CT\u00a0\u00bb url_new_window=\u00a0\u00bbon\u00a0\u00bb _builder_version=\u00a0\u00bb4.8.1&Prime; _module_preset=\u00a0\u00bbdefault\u00a0\u00bb width=\u00a0\u00bb29%\u00a0\u00bb max_width=\u00a0\u00bb65%\u00a0\u00bb module_alignment=\u00a0\u00bbleft\u00a0\u00bb disabled_on=\u00a0\u00bbon|on|on\u00a0\u00bb disabled=\u00a0\u00bbon\u00a0\u00bb][\/et_pb_image][et_pb_wc_meta _builder_version=\u00a0\u00bb3.0.47&Prime;][\/et_pb_wc_meta][\/et_pb_column][\/et_pb_row][et_pb_row _builder_version=\u00a0\u00bb3.25&Prime; background_size=\u00a0\u00bbinitial\u00a0\u00bb background_position=\u00a0\u00bbtop_left\u00a0\u00bb background_repeat=\u00a0\u00bbrepeat\u00a0\u00bb width=\u00a0\u00bb100%\u00a0\u00bb][et_pb_column type=\u00a0\u00bb4_4&Prime; _builder_version=\u00a0\u00bb3.25&Prime; custom_padding=\u00a0\u00bb|||\u00a0\u00bb custom_padding__hover=\u00a0\u00bb|||\u00a0\u00bb][et_pb_wc_tabs _builder_version=\u00a0\u00bb3.0.47&Prime;]\t\t\t\t\t[\/et_pb_wc_tabs][et_pb_wc_upsells _builder_version=\u00a0\u00bb3.0.47&Prime;][\/et_pb_wc_upsells][et_pb_wc_related_products _builder_version=\u00a0\u00bb3.0.47&Prime;][\/et_pb_wc_related_products][\/et_pb_column][\/et_pb_row][\/et_pb_section]<\/p>\n","protected":false},"excerpt":{"rendered":"<p>Dieu cherche une Eglise forte et une Eglise qui est arriv\u00e9e \u00e0 un niveau de compr\u00e9hension tel que ce ne sera pas juste une Eglise qui va venir acclamer le Seigneur, parler en langues et se donner des maux de t\u00e8te, mais une Eglise qui va entrer dans le monde, appliquer ce qui est dans la parole pour obtenir des r\u00e9sultats afin que l&rsquo;Eglise ait un impact sur la soci\u00e9t\u00e9 et que le monde respecte l&rsquo;Eglise. Ceci parce que\u00a0 Dieu ne nous a pas sauv\u00e9s pour rester entre nous, nous acclamer et nous gifler. Mais Dieu nous a sauv\u00e9s pour que nos vies soient une source d&rsquo;impact. Souvenons nous de ce que l\u00e0 ou il n&rsquo;y a pas de compr\u00e9hension, il n&rsquo;y a pas de r\u00e9sultats.<\/p>\n<p>&nbsp;<\/p>\n","protected":false},"featured_media":68,"comment_status":"open","ping_status":"closed","template":"","meta":{"_et_pb_use_builder":"on","_et_pb_old_content":"<img class=\" wp-image-3141 alignleft\" src=\"http:\/\/abmci.com\/wp-content\/uploads\/2019\/10\/image-185_resultat-202x300.jpg\" alt=\"\" width=\"120\" height=\"179\" \/>\u00a0 Dieu cherche une Eglise forte et une Eglise qui est arriv\u00e9e \u00e0 un niveau de compr\u00e9hension tel que ce ne sera pas juste une Eglise qui va venir acclamer le Seigneur, parler en langues et se donner des maux de t\u00e8te, mais une Eglise qui va entrer dans le monde, appliquer ce qui est dans la parole pour obtenir des r\u00e9sultats afin que l'Eglise ait un impact sur la soci\u00e9t\u00e9 et que le monde respecte l'Eglise. Ceci parce que\u00a0 Dieu ne nous a pas sauv\u00e9s pour rester entre nous, nous acclamer et nous gifler. Mais Dieu nous a sauv\u00e9s pour que nos vies soient une source d'impact. Souvenons nous de ce que l\u00e0 ou il n'y a pas de compr\u00e9hension, il n'y a pas de r\u00e9sultats.","_et_gb_content_width":""},"product_cat":[15,17],"product_tag":[],"class_list":["post-32","product","type-product","status-publish","has-post-thumbnail","hentry","product_cat-livre","product_cat-livre-papier"],"_links":{"self":[{"href":"https:\/\/librairie.abmci.com\/index.php\/wp-json\/wp\/v2\/product\/32","targetHints":{"allow":["GET"]}}],"collection":[{"href":"https:\/\/librairie.abmci.com\/index.php\/wp-json\/wp\/v2\/product"}],"about":[{"href":"https:\/\/librairie.abmci.com\/index.php\/wp-json\/wp\/v2\/types\/product"}],"replies":[{"embeddable":true,"href":"https:\/\/librairie.abmci.com\/index.php\/wp-json\/wp\/v2\/comments?post=32"}],"wp:featuredmedia":[{"embeddable":true,"href":"https:\/\/librairie.abmci.com\/index.php\/wp-json\/wp\/v2\/media\/68"}],"wp:attachment":[{"href":"https:\/\/librairie.abmci.com\/index.php\/wp-json\/wp\/v2\/media?parent=32"}],"wp:term":[{"taxonomy":"product_cat","embeddable":true,"href":"https:\/\/librairie.abmci.com\/index.php\/wp-json\/wp\/v2\/product_cat?post=32"},{"taxonomy":"product_tag","embeddable":true,"href":"https:\/\/librairie.abmci.com\/index.php\/wp-json\/wp\/v2\/product_tag?post=32"}],"curies":[{"name":"wp","href":"https:\/\/api.w.org\/{rel}","templated":true}]}}