{"id":289,"date":"2021-06-17T03:11:06","date_gmt":"2021-06-17T01:11:06","guid":{"rendered":"https:\/\/librairie.abmci.com\/?post_type=product&#038;p=289"},"modified":"2025-04-13T22:15:19","modified_gmt":"2025-04-13T20:15:19","slug":"le-protocole-dacces-a-la-gloire-de-dieu","status":"publish","type":"product","link":"https:\/\/librairie.abmci.com\/index.php\/produit\/le-protocole-dacces-a-la-gloire-de-dieu\/","title":{"rendered":"LE PROTOCOLE D\u2019ACCES \u00c0 LA GLOIRE DE DIEU"},"content":{"rendered":"<p>[et_pb_section fb_built=\u00a0\u00bb1&Prime; _builder_version=\u00a0\u00bb3.22&Prime; custom_padding=\u00a0\u00bb0px||||false|false\u00a0\u00bb][et_pb_row _builder_version=\u00a0\u00bb3.25&Prime; background_size=\u00a0\u00bbinitial\u00a0\u00bb background_position=\u00a0\u00bbtop_left\u00a0\u00bb background_repeat=\u00a0\u00bbrepeat\u00a0\u00bb width=\u00a0\u00bb100%\u00a0\u00bb custom_padding=\u00a0\u00bb0px||0px||false|false\u00a0\u00bb][et_pb_column type=\u00a0\u00bb4_4&Prime; _builder_version=\u00a0\u00bb3.25&Prime; custom_padding=\u00a0\u00bb|||\u00a0\u00bb custom_padding__hover=\u00a0\u00bb|||\u00a0\u00bb][et_pb_wc_breadcrumb _builder_version=\u00a0\u00bb3.0.47&Prime;][\/et_pb_wc_breadcrumb][et_pb_wc_cart_notice _builder_version=\u00a0\u00bb3.0.47&Prime;][\/et_pb_wc_cart_notice][\/et_pb_column][\/et_pb_row][et_pb_row column_structure=\u00a0\u00bb1_2,1_2&Prime; _builder_version=\u00a0\u00bb3.25&Prime; background_size=\u00a0\u00bbinitial\u00a0\u00bb background_position=\u00a0\u00bbtop_left\u00a0\u00bb background_repeat=\u00a0\u00bbrepeat\u00a0\u00bb width=\u00a0\u00bb100%\u00a0\u00bb custom_padding=\u00a0\u00bb0px||||false|false\u00a0\u00bb][et_pb_column type=\u00a0\u00bb1_2&Prime; _builder_version=\u00a0\u00bb3.25&Prime; custom_padding=\u00a0\u00bb|||\u00a0\u00bb custom_padding__hover=\u00a0\u00bb|||\u00a0\u00bb][et_pb_wc_images _builder_version=\u00a0\u00bb3.0.47&Prime;][\/et_pb_wc_images][\/et_pb_column][et_pb_column type=\u00a0\u00bb1_2&Prime; _builder_version=\u00a0\u00bb3.25&Prime; custom_padding=\u00a0\u00bb|||\u00a0\u00bb custom_padding__hover=\u00a0\u00bb|||\u00a0\u00bb][et_pb_wc_title _builder_version=\u00a0\u00bb3.0.47&Prime;][\/et_pb_wc_title][et_pb_wc_rating _builder_version=\u00a0\u00bb3.0.47&Prime;][\/et_pb_wc_rating][et_pb_wc_price _builder_version=\u00a0\u00bb3.0.47&Prime;][\/et_pb_wc_price][et_pb_wc_description _builder_version=\u00a0\u00bb3.0.47&Prime;][\/et_pb_wc_description][et_pb_wc_add_to_cart _builder_version=\u00a0\u00bb3.0.47&Prime;][\/et_pb_wc_add_to_cart][et_pb_image src=\u00a0\u00bbhttp:\/\/librairie.abmci.com\/wp-content\/uploads\/2021\/01\/disponible-sur-amazon.png\u00a0\u00bb title_text=\u00a0\u00bbdisponible sur amazon\u00a0\u00bb url=\u00a0\u00bbhttps:\/\/www.amazon.fr\/PROTOCOLE-DACCES-%C3%80-GLOIRE-DIEU\/dp\/B09243C7WL\/ref=sr_1_1?dchild=1&#038;keywords=ALEXANDRE+AMAZOU&#038;qid=1623883107&#038;sr=8-1&Prime; url_new_window=\u00a0\u00bbon\u00a0\u00bb _builder_version=\u00a0\u00bb4.9.6&Prime; _module_preset=\u00a0\u00bbdefault\u00a0\u00bb width=\u00a0\u00bb29%\u00a0\u00bb max_width=\u00a0\u00bb65%\u00a0\u00bb module_alignment=\u00a0\u00bbleft\u00a0\u00bb][\/et_pb_image][et_pb_wc_meta _builder_version=\u00a0\u00bb3.0.47&Prime;][\/et_pb_wc_meta][\/et_pb_column][\/et_pb_row][et_pb_row _builder_version=\u00a0\u00bb3.25&Prime; background_size=\u00a0\u00bbinitial\u00a0\u00bb background_position=\u00a0\u00bbtop_left\u00a0\u00bb background_repeat=\u00a0\u00bbrepeat\u00a0\u00bb width=\u00a0\u00bb100%\u00a0\u00bb][et_pb_column type=\u00a0\u00bb4_4&Prime; _builder_version=\u00a0\u00bb3.25&Prime; custom_padding=\u00a0\u00bb|||\u00a0\u00bb custom_padding__hover=\u00a0\u00bb|||\u00a0\u00bb][et_pb_wc_tabs _builder_version=\u00a0\u00bb3.0.47&Prime;]\t\t\t\t\t[\/et_pb_wc_tabs][et_pb_wc_upsells _builder_version=\u00a0\u00bb3.0.47&Prime;][\/et_pb_wc_upsells][et_pb_wc_related_products _builder_version=\u00a0\u00bb3.0.47&Prime;][\/et_pb_wc_related_products][\/et_pb_column][\/et_pb_row][\/et_pb_section]<\/p>\n","protected":false},"excerpt":{"rendered":"<p>Dans le livre d\u2019H\u00e9breux 9v1-12 et 10.1, le tabernacle est appel\u00e9 une figure des choses \u00e0 venir. Nous y trouvons des images qui nous aident \u00e0 comprendre comment Dieu s\u2019y prend pour venir \u00e0 la rencontre de l\u2019homme p\u00e9cheur. En effet, les prescriptions concernant le tabernacle projettent une ombre ou une silhouette des choses \u00e0 venir. Les Isra\u00e9lites, malheureusement, n\u2019ont pas clairement compris cette proph\u00e9tie visuelle au sujet du Messie et du salut. Cependant, depuis l\u2019av\u00e8nement de J\u00e9sus, l\u2019ombre s\u2019\u00e9claircie et devient pour nous un tableau complet de tout ce que le Seigneur a accompli pour nous. Le tabernacle sert donc \u00e0 illustrer l\u2019\u0153uvre de Christ.<\/p>\n","protected":false},"featured_media":291,"comment_status":"open","ping_status":"closed","template":"","meta":{"_et_pb_use_builder":"on","_et_pb_old_content":"Dans le livre d\u2019H\u00e9breux 9v1-12 et 10.1, le tabernacle est appel\u00e9 une figure des choses \u00e0 venir. Nous y trouvons des images qui nous aident \u00e0 comprendre comment Dieu s\u2019y prend pour venir \u00e0 la rencontre de l\u2019homme p\u00e9cheur. En effet, les prescriptions concernant le tabernacle projettent une ombre ou une silhouette des choses \u00e0 venir. Les Isra\u00e9lites, malheureusement, n\u2019ont pas clairement compris cette proph\u00e9tie visuelle au sujet du Messie et du salut. Cependant, depuis l\u2019av\u00e8nement de J\u00e9sus, l\u2019ombre s\u2019\u00e9claircie et devient pour nous un tableau complet de tout ce que le Seigneur a accompli pour nous. Le tabernacle sert donc \u00e0 illustrer l\u2019\u0153uvre de Christ.","_et_gb_content_width":""},"product_cat":[15,28],"product_tag":[],"class_list":["post-289","product","type-product","status-publish","has-post-thumbnail","hentry","product_cat-livre","product_cat-ebook"],"_links":{"self":[{"href":"https:\/\/librairie.abmci.com\/index.php\/wp-json\/wp\/v2\/product\/289","targetHints":{"allow":["GET"]}}],"collection":[{"href":"https:\/\/librairie.abmci.com\/index.php\/wp-json\/wp\/v2\/product"}],"about":[{"href":"https:\/\/librairie.abmci.com\/index.php\/wp-json\/wp\/v2\/types\/product"}],"replies":[{"embeddable":true,"href":"https:\/\/librairie.abmci.com\/index.php\/wp-json\/wp\/v2\/comments?post=289"}],"wp:featuredmedia":[{"embeddable":true,"href":"https:\/\/librairie.abmci.com\/index.php\/wp-json\/wp\/v2\/media\/291"}],"wp:attachment":[{"href":"https:\/\/librairie.abmci.com\/index.php\/wp-json\/wp\/v2\/media?parent=289"}],"wp:term":[{"taxonomy":"product_cat","embeddable":true,"href":"https:\/\/librairie.abmci.com\/index.php\/wp-json\/wp\/v2\/product_cat?post=289"},{"taxonomy":"product_tag","embeddable":true,"href":"https:\/\/librairie.abmci.com\/index.php\/wp-json\/wp\/v2\/product_tag?post=289"}],"curies":[{"name":"wp","href":"https:\/\/api.w.org\/{rel}","templated":true}]}}