{"id":286,"date":"2021-06-17T02:31:59","date_gmt":"2021-06-17T00:31:59","guid":{"rendered":"https:\/\/librairie.abmci.com\/?post_type=product&#038;p=286"},"modified":"2021-06-17T02:38:25","modified_gmt":"2021-06-17T00:38:25","slug":"la-faveur-des-peres","status":"publish","type":"product","link":"https:\/\/librairie.abmci.com\/index.php\/produit\/la-faveur-des-peres\/","title":{"rendered":"LA FAVEUR DES PERES"},"content":{"rendered":"<p>[et_pb_section fb_built=\u00a0\u00bb1&Prime; _builder_version=\u00a0\u00bb3.22&Prime; custom_padding=\u00a0\u00bb0px||||false|false\u00a0\u00bb][et_pb_row _builder_version=\u00a0\u00bb3.25&Prime; background_size=\u00a0\u00bbinitial\u00a0\u00bb background_position=\u00a0\u00bbtop_left\u00a0\u00bb background_repeat=\u00a0\u00bbrepeat\u00a0\u00bb width=\u00a0\u00bb100%\u00a0\u00bb custom_padding=\u00a0\u00bb0px||0px||false|false\u00a0\u00bb][et_pb_column type=\u00a0\u00bb4_4&Prime; _builder_version=\u00a0\u00bb3.25&Prime; custom_padding=\u00a0\u00bb|||\u00a0\u00bb custom_padding__hover=\u00a0\u00bb|||\u00a0\u00bb][et_pb_wc_breadcrumb _builder_version=\u00a0\u00bb3.0.47&Prime;][\/et_pb_wc_breadcrumb][et_pb_wc_cart_notice _builder_version=\u00a0\u00bb3.0.47&Prime;][\/et_pb_wc_cart_notice][\/et_pb_column][\/et_pb_row][et_pb_row column_structure=\u00a0\u00bb1_2,1_2&Prime; _builder_version=\u00a0\u00bb3.25&Prime; background_size=\u00a0\u00bbinitial\u00a0\u00bb background_position=\u00a0\u00bbtop_left\u00a0\u00bb background_repeat=\u00a0\u00bbrepeat\u00a0\u00bb width=\u00a0\u00bb100%\u00a0\u00bb custom_padding=\u00a0\u00bb0px||||false|false\u00a0\u00bb][et_pb_column type=\u00a0\u00bb1_2&Prime; _builder_version=\u00a0\u00bb3.25&Prime; custom_padding=\u00a0\u00bb|||\u00a0\u00bb custom_padding__hover=\u00a0\u00bb|||\u00a0\u00bb][et_pb_wc_images _builder_version=\u00a0\u00bb3.0.47&Prime;][\/et_pb_wc_images][\/et_pb_column][et_pb_column type=\u00a0\u00bb1_2&Prime; _builder_version=\u00a0\u00bb3.25&Prime; custom_padding=\u00a0\u00bb|||\u00a0\u00bb custom_padding__hover=\u00a0\u00bb|||\u00a0\u00bb][et_pb_wc_title _builder_version=\u00a0\u00bb3.0.47&Prime;][\/et_pb_wc_title][et_pb_wc_rating _builder_version=\u00a0\u00bb3.0.47&Prime;][\/et_pb_wc_rating][et_pb_wc_price _builder_version=\u00a0\u00bb3.0.47&Prime;][\/et_pb_wc_price][et_pb_wc_description _builder_version=\u00a0\u00bb3.0.47&Prime;][\/et_pb_wc_description][et_pb_wc_add_to_cart _builder_version=\u00a0\u00bb3.0.47&Prime;][\/et_pb_wc_add_to_cart][et_pb_image src=\u00a0\u00bbhttp:\/\/librairie.abmci.com\/wp-content\/uploads\/2021\/01\/disponible-sur-amazon.png\u00a0\u00bb title_text=\u00a0\u00bbdisponible sur amazon\u00a0\u00bb url=\u00a0\u00bbhttps:\/\/www.amazon.fr\/dp\/2954544813\/ref=cm_sw_em_r_mt_dp_9W8C9YX6B175VNVJYYNX\u00a0\u00bb url_new_window=\u00a0\u00bbon\u00a0\u00bb _builder_version=\u00a0\u00bb4.9.6&Prime; _module_preset=\u00a0\u00bbdefault\u00a0\u00bb width=\u00a0\u00bb29%\u00a0\u00bb max_width=\u00a0\u00bb65%\u00a0\u00bb module_alignment=\u00a0\u00bbleft\u00a0\u00bb][\/et_pb_image][et_pb_wc_meta _builder_version=\u00a0\u00bb3.0.47&Prime;][\/et_pb_wc_meta][\/et_pb_column][\/et_pb_row][et_pb_row _builder_version=\u00a0\u00bb3.25&Prime; background_size=\u00a0\u00bbinitial\u00a0\u00bb background_position=\u00a0\u00bbtop_left\u00a0\u00bb background_repeat=\u00a0\u00bbrepeat\u00a0\u00bb width=\u00a0\u00bb100%\u00a0\u00bb][et_pb_column type=\u00a0\u00bb4_4&Prime; _builder_version=\u00a0\u00bb3.25&Prime; custom_padding=\u00a0\u00bb|||\u00a0\u00bb custom_padding__hover=\u00a0\u00bb|||\u00a0\u00bb][et_pb_wc_tabs _builder_version=\u00a0\u00bb3.0.47&Prime;]\t\t\t\t\t[\/et_pb_wc_tabs][et_pb_wc_upsells _builder_version=\u00a0\u00bb3.0.47&Prime;][\/et_pb_wc_upsells][et_pb_wc_related_products _builder_version=\u00a0\u00bb3.0.47&Prime;][\/et_pb_wc_related_products][\/et_pb_column][\/et_pb_row][\/et_pb_section]<\/p>\n","protected":false},"excerpt":{"rendered":"<p>\u00abL\u2019ange de l\u2019Eternel appela une seconde fois Abraham des cieux, et dit : Je le jure par moi-m\u00eame, parole de l\u2019Eternel ! Parce que tu as fait cela, et que tu n\u2019as pas refus\u00e9 ton fils, ton unique, je te b\u00e9nirai et je multiplierai ta post\u00e9rit\u00e9, comme les \u00e9toiles du ciel et comme le sable qui est sur le bord de la mer ; et ta post\u00e9rit\u00e9 poss\u00e9dera la porte de ses ennemis.Toutes les nations de la terre seront b\u00e9nies en ta post\u00e9rit\u00e9, parce que tu as ob\u00e9i \u00e0 ma voix. Abraham \u00e9tant retourn\u00e9 vers ses serviteurs, ils se lev\u00e8rent et s\u2019en all\u00e8rent ensemble \u00e0 Beer-Sch\u00e9ba ; car Abraham demeurait \u00e0 Beer-Sch\u00e9ba.\u00bb (Gen\u00e8se 22:15-19).Dieu prononce ici des paroles sur la vie d\u2019Abraham en lui disant que toutes les familles de la terre seront b\u00e9nies en lui. Cela voudrait donc dire que si, quelque personne que ce soit sur cette terre, re\u00e7oit une b\u00e9n\u00e9diction, cela trouve son origine en Abraham. Abraham est donc le p\u00e8re de la b\u00e9n\u00e9diction.\u00c0 un moment donn\u00e9, Dieu, la Divinit\u00e9, avait besoin de sauver l\u2019humanit\u00e9. Abraham s\u2019est port\u00e9 volontaire pour la partie qui repr\u00e9sente la race humaine. Lorsque Dieu lui a demand\u00e9 son fils unique dans cette alliance, Abraham avait le choix : accepter ou refuser. Lorsqu\u2019il a acc\u00e9d\u00e9 \u00e0 la demande de Dieu, Dieu en retour l\u2019a b\u00e9ni.La venue de J\u00e9sus, qui a lib\u00e9r\u00e9 le cycle de la b\u00e9n\u00e9diction dans l\u2019humanit\u00e9, a pris son origine en l\u2019acte d\u2019Abraham. Concernant cette alliance, Dieu \u00e9tait donc dans l\u2019obligation de faire sa part en voyant J\u00e9sus sur la terre ; parce que dans une alliance, lorsqu\u2019une Partie fait sa part, l\u2019autre est contrainte d\u2019en faire autant, sinon elle meurt.<\/p>\n","protected":false},"featured_media":139,"comment_status":"open","ping_status":"closed","template":"","meta":{"_et_pb_use_builder":"on","_et_pb_old_content":"\u00abL\u2019ange de l\u2019Eternel appela une seconde fois Abraham des cieux, et dit : Je le jure par moi-m\u00eame, parole de l\u2019Eternel ! Parce que tu as fait cela, et que tu n\u2019as pas refus\u00e9 ton fils, ton unique, je te b\u00e9nirai et je multiplierai ta post\u00e9rit\u00e9, comme les \u00e9toiles du ciel et comme le sable qui est sur le bord de la mer ; et ta post\u00e9rit\u00e9 poss\u00e9dera la porte de ses ennemis.Toutes les nations de la terre seront b\u00e9nies en ta post\u00e9rit\u00e9, parce que tu as ob\u00e9i \u00e0 ma voix. Abraham \u00e9tant retourn\u00e9 vers ses serviteurs, ils se lev\u00e8rent et s\u2019en all\u00e8rent ensemble \u00e0 Beer-Sch\u00e9ba ; car Abraham demeurait \u00e0 Beer-Sch\u00e9ba.\u00bb (Gen\u00e8se 22:15-19).Dieu prononce ici des paroles sur la vie d\u2019Abraham en lui disant que toutes les familles de la terre seront b\u00e9nies en lui. Cela voudrait donc dire que si, quelque personne que ce soit sur cette terre, re\u00e7oit une b\u00e9n\u00e9diction, cela trouve son origine en Abraham. Abraham est donc le p\u00e8re de la b\u00e9n\u00e9diction.\u00c0 un moment donn\u00e9, Dieu, la Divinit\u00e9, avait besoin de sauver l\u2019humanit\u00e9. Abraham s\u2019est port\u00e9 volontaire pour la partie qui repr\u00e9sente la race humaine. Lorsque Dieu lui a demand\u00e9 son fils unique dans cette alliance, Abraham avait le choix : accepter ou refuser. Lorsqu\u2019il a acc\u00e9d\u00e9 \u00e0 la demande de Dieu, Dieu en retour l\u2019a b\u00e9ni.La venue de J\u00e9sus, qui a lib\u00e9r\u00e9 le cycle de la b\u00e9n\u00e9diction dans l\u2019humanit\u00e9, a pris son origine en l\u2019acte d\u2019Abraham. Concernant cette alliance, Dieu \u00e9tait donc dans l\u2019obligation de faire sa part en voyant J\u00e9sus sur la terre ; parce que dans une alliance, lorsqu\u2019une Partie fait sa part, l\u2019autre est contrainte d\u2019en faire autant, sinon elle meurt.","_et_gb_content_width":""},"product_cat":[15,17],"product_tag":[],"class_list":["post-286","product","type-product","status-publish","has-post-thumbnail","hentry","product_cat-livre","product_cat-livre-papier"],"_links":{"self":[{"href":"https:\/\/librairie.abmci.com\/index.php\/wp-json\/wp\/v2\/product\/286","targetHints":{"allow":["GET"]}}],"collection":[{"href":"https:\/\/librairie.abmci.com\/index.php\/wp-json\/wp\/v2\/product"}],"about":[{"href":"https:\/\/librairie.abmci.com\/index.php\/wp-json\/wp\/v2\/types\/product"}],"replies":[{"embeddable":true,"href":"https:\/\/librairie.abmci.com\/index.php\/wp-json\/wp\/v2\/comments?post=286"}],"wp:featuredmedia":[{"embeddable":true,"href":"https:\/\/librairie.abmci.com\/index.php\/wp-json\/wp\/v2\/media\/139"}],"wp:attachment":[{"href":"https:\/\/librairie.abmci.com\/index.php\/wp-json\/wp\/v2\/media?parent=286"}],"wp:term":[{"taxonomy":"product_cat","embeddable":true,"href":"https:\/\/librairie.abmci.com\/index.php\/wp-json\/wp\/v2\/product_cat?post=286"},{"taxonomy":"product_tag","embeddable":true,"href":"https:\/\/librairie.abmci.com\/index.php\/wp-json\/wp\/v2\/product_tag?post=286"}],"curies":[{"name":"wp","href":"https:\/\/api.w.org\/{rel}","templated":true}]}}