{"id":256,"date":"2021-06-17T00:50:52","date_gmt":"2021-06-16T22:50:52","guid":{"rendered":"https:\/\/librairie.abmci.com\/?post_type=product&#038;p=256"},"modified":"2026-02-27T18:17:54","modified_gmt":"2026-02-27T17:17:54","slug":"la-realite-du-monde-des-esprits-en-pre-commande","status":"publish","type":"product","link":"https:\/\/librairie.abmci.com\/index.php\/produit\/la-realite-du-monde-des-esprits-en-pre-commande\/","title":{"rendered":"LA REALITE DU MONDE DES ESPRITS"},"content":{"rendered":"<p>Le monde spirituel est une r\u00e9alit\u00e9 malheureusement ignor\u00e9e par plu-sieurs. C\u2019est une r\u00e9alit\u00e9 dans le sens o\u00f9 la Bible dit dans Gen\u00e8se 1v1 : Au commencement Dieu cr\u00e9a les cieux et la terre. \u00bb.. DIEU est ESPRIT, et si tout est sorti de DIEU qui est ESPRIT alors, il n\u2019y a rien que vous puissiez voir dans ce monde physique qui n\u2019a pas un tentacule dans le spirituel. Nous vivons donc dans un monde certes physique mais \u00e9galement spirituel. Les nations sont spirituelles ; elles ont une destin\u00e9e d\u2019abord trac\u00e9e dans le monde des esprits avant de voir sa manifestation.La Bible plante donc le d\u00e9cor en nous montrant que Dieu est le cr\u00e9a-teur de ces deux mondes : le monde spirituel et le monde mat\u00e9riel ; les cieux ici faisant allusion aux lieux c\u00e9lestes, le monde des esprits, le monde spirituel. Il s\u2019en inf\u00e8re que le monde des esprits n\u2019existait pas avant. Dieu existait par Lui et avant Lui il n\u2019y avait rien ; Il \u00e9tait Dieu, unique. Maintenant, \u00e0 un moment donn\u00e9, la Bible nous dit que Dieu d\u00e9cida de cr\u00e9er les cieux et la terre. Cela veut dire que le monde des esprits a un commencement et avant sa cr\u00e9ation, existait un monde harmonieux et unique.\u2022\u00c9ph\u00e9siens 3v14-15 dit ceci: \u00ab \u00c0 cause de cela, je fl\u00e9chis les genoux devant le P\u00e8re, duquel tire son nom toute famille dans les cieux et sur la terre. \u00bb. Cela veut dire que toutes habitations du monde des esprits et du monde terrestre \u00e9taient au d\u00e9part align\u00e9es sur Dieu ; il y avait un seul monde et un monde harmonieux. Mais Apocalypse 12 nous r\u00e9v\u00e8le qu\u2019un incident s\u2019est produit dans le ciel. Le verset 7 dit \u00ab Et il y eut guerre dans le ciel \u00bb. Il eut donc une r\u00e9bellion dans le ciel qui eut pour cons\u00e9quence la division du monde des esprits en deux camps : le monde des t\u00e9n\u00e8bres et le monde de lumi\u00e8re. Toutefois, en termes de principes et de lois, il n\u2019y a pas de diff\u00e9rence que l\u2019on soit dans le monde de lumi\u00e8re ou dans celui des t\u00e9n\u00e8bres. Le royaume de Dieu et le royaume des t\u00e9n\u00e8bres cohabitent donc dans un seul et m\u00eame monde appel\u00e9 le monde spirituel, mais chacun a un agenda \u00e0 ex\u00e9cuter. Le p\u00e8re de cette r\u00e9bellion, c\u2019est Lucifer ; c\u2019est la raison pour laquelle Dieu hait toute r\u00e9bellion. Un homme qui manifeste un esprit de r\u00e9bellion ou un esprit de contestation a donc pris un virus, et aussi s\u00fbr que Dieu hait la r\u00e9bellion, Dieu lui r\u00e9glera son compte, car Dieu a toujours jug\u00e9 et ex\u00e9cut\u00e9 les rebelles.<\/p>\n","protected":false},"excerpt":{"rendered":"<p>Le monde spirituel est une r\u00e9alit\u00e9 malheureusement ignor\u00e9e par plu-sieurs. C\u2019est une r\u00e9alit\u00e9 dans le sens o\u00f9\u00a0la Bible dit dans\u00a0Gen\u00e8se 1v1\u00a0: Au commencement Dieu cr\u00e9a les cieux et la terre.\u00a0\u00bb.. DIEU est ESPRIT, et si tout est sorti de DIEU qui est ESPRIT alors, il n\u2019y a rien que vous puissiez voir dans ce monde physique qui n\u2019a pas un tentacule dans le spirituel. Nous vivons donc dans un monde certes physique mais \u00e9galement spirituel. Les nations sont spirituelles\u00a0; elles ont une destin\u00e9e d\u2019abord trac\u00e9e dans le monde des esprits avant de voir sa manifestation.<\/p>\n","protected":false},"featured_media":131,"comment_status":"open","ping_status":"closed","template":"","meta":{"_et_pb_use_builder":"","_et_pb_old_content":"","_et_gb_content_width":""},"product_cat":[15,17,24],"product_tag":[],"class_list":["post-256","product","type-product","status-publish","has-post-thumbnail","hentry","product_cat-livre","product_cat-livre-papier","product_cat-offre-speciale"],"_links":{"self":[{"href":"https:\/\/librairie.abmci.com\/index.php\/wp-json\/wp\/v2\/product\/256","targetHints":{"allow":["GET"]}}],"collection":[{"href":"https:\/\/librairie.abmci.com\/index.php\/wp-json\/wp\/v2\/product"}],"about":[{"href":"https:\/\/librairie.abmci.com\/index.php\/wp-json\/wp\/v2\/types\/product"}],"replies":[{"embeddable":true,"href":"https:\/\/librairie.abmci.com\/index.php\/wp-json\/wp\/v2\/comments?post=256"}],"wp:featuredmedia":[{"embeddable":true,"href":"https:\/\/librairie.abmci.com\/index.php\/wp-json\/wp\/v2\/media\/131"}],"wp:attachment":[{"href":"https:\/\/librairie.abmci.com\/index.php\/wp-json\/wp\/v2\/media?parent=256"}],"wp:term":[{"taxonomy":"product_cat","embeddable":true,"href":"https:\/\/librairie.abmci.com\/index.php\/wp-json\/wp\/v2\/product_cat?post=256"},{"taxonomy":"product_tag","embeddable":true,"href":"https:\/\/librairie.abmci.com\/index.php\/wp-json\/wp\/v2\/product_tag?post=256"}],"curies":[{"name":"wp","href":"https:\/\/api.w.org\/{rel}","templated":true}]}}