{"id":248,"date":"2021-06-16T23:14:55","date_gmt":"2021-06-16T21:14:55","guid":{"rendered":"https:\/\/librairie.abmci.com\/?post_type=product&#038;p=248"},"modified":"2022-05-24T12:15:51","modified_gmt":"2022-05-24T10:15:51","slug":"fete-des-peres","status":"publish","type":"product","link":"https:\/\/librairie.abmci.com\/index.php\/produit\/fete-des-peres\/","title":{"rendered":"OFFRE SPECIALE FETE DES PERES"},"content":{"rendered":"<p>Offre sp\u00e9ciale f\u00eate des p\u00e8res. Lot de 4 livres \u00e0 10 000<\/p>\n<div class='et-box et-shadow'>\n\t\t\t\t\t<div class='et-box-content'><p>La Faveur des p\u00e8res<\/p>\n<p>La v\u00e9rit\u00e9 sur les pri\u00e8res non exhauss\u00e9es<\/p>\n<p>R\u00e9ussir sa vie<\/p>\n<p>Les Hommes de la race de Dieu<\/p><\/div><\/div>\n","protected":false},"excerpt":{"rendered":"<p>Offre sp\u00e9ciale f\u00eate des p\u00e8res. Lot de 4 livres \u00e0 10 000<\/p>\n<div class='et-box et-shadow'>\n\t\t\t\t\t<div class='et-box-content'><p>La Faveur des p\u00e8res<\/p>\n<p>La v\u00e9rit\u00e9 sur les pri\u00e8res non exhauss\u00e9es<\/p>\n<p>R\u00e9ussir sa vie<\/p>\n<p>Les Hommes de la race de Dieu<\/p><\/div><\/div>\n","protected":false},"featured_media":249,"comment_status":"open","ping_status":"closed","template":"","meta":{"_et_pb_use_builder":"","_et_pb_old_content":"","_et_gb_content_width":""},"product_cat":[15,17,24],"product_tag":[],"class_list":["post-248","product","type-product","status-publish","has-post-thumbnail","hentry","product_cat-livre","product_cat-livre-papier","product_cat-offre-speciale"],"_links":{"self":[{"href":"https:\/\/librairie.abmci.com\/index.php\/wp-json\/wp\/v2\/product\/248","targetHints":{"allow":["GET"]}}],"collection":[{"href":"https:\/\/librairie.abmci.com\/index.php\/wp-json\/wp\/v2\/product"}],"about":[{"href":"https:\/\/librairie.abmci.com\/index.php\/wp-json\/wp\/v2\/types\/product"}],"replies":[{"embeddable":true,"href":"https:\/\/librairie.abmci.com\/index.php\/wp-json\/wp\/v2\/comments?post=248"}],"wp:featuredmedia":[{"embeddable":true,"href":"https:\/\/librairie.abmci.com\/index.php\/wp-json\/wp\/v2\/media\/249"}],"wp:attachment":[{"href":"https:\/\/librairie.abmci.com\/index.php\/wp-json\/wp\/v2\/media?parent=248"}],"wp:term":[{"taxonomy":"product_cat","embeddable":true,"href":"https:\/\/librairie.abmci.com\/index.php\/wp-json\/wp\/v2\/product_cat?post=248"},{"taxonomy":"product_tag","embeddable":true,"href":"https:\/\/librairie.abmci.com\/index.php\/wp-json\/wp\/v2\/product_tag?post=248"}],"curies":[{"name":"wp","href":"https:\/\/api.w.org\/{rel}","templated":true}]}}