{"id":19,"date":"2021-01-29T16:45:28","date_gmt":"2021-01-29T15:45:28","guid":{"rendered":"http:\/\/librairie.abmci.com\/index.php\/produit\/import-placeholder-for-2894\/"},"modified":"2021-06-17T03:26:40","modified_gmt":"2021-06-17T01:26:40","slug":"la-verites-sur-les-prieres-non-exaucees","status":"publish","type":"product","link":"https:\/\/librairie.abmci.com\/index.php\/produit\/la-verites-sur-les-prieres-non-exaucees\/","title":{"rendered":"la v\u00e9rit\u00e9s sur les pri\u00e8res non exauc\u00e9es"},"content":{"rendered":"<p>[et_pb_section fb_built=\u00a0\u00bb1&Prime; _builder_version=\u00a0\u00bb3.22&Prime; custom_padding=\u00a0\u00bb0px||||false|false\u00a0\u00bb][et_pb_row _builder_version=\u00a0\u00bb3.25&Prime; background_size=\u00a0\u00bbinitial\u00a0\u00bb background_position=\u00a0\u00bbtop_left\u00a0\u00bb background_repeat=\u00a0\u00bbrepeat\u00a0\u00bb width=\u00a0\u00bb100%\u00a0\u00bb custom_padding=\u00a0\u00bb0px||0px||false|false\u00a0\u00bb][et_pb_column type=\u00a0\u00bb4_4&Prime; _builder_version=\u00a0\u00bb3.25&Prime; custom_padding=\u00a0\u00bb|||\u00a0\u00bb custom_padding__hover=\u00a0\u00bb|||\u00a0\u00bb][et_pb_wc_breadcrumb _builder_version=\u00a0\u00bb3.0.47&Prime;][\/et_pb_wc_breadcrumb][et_pb_wc_cart_notice _builder_version=\u00a0\u00bb3.0.47&Prime;][\/et_pb_wc_cart_notice][\/et_pb_column][\/et_pb_row][et_pb_row column_structure=\u00a0\u00bb1_2,1_2&Prime; _builder_version=\u00a0\u00bb3.25&Prime; background_size=\u00a0\u00bbinitial\u00a0\u00bb background_position=\u00a0\u00bbtop_left\u00a0\u00bb background_repeat=\u00a0\u00bbrepeat\u00a0\u00bb width=\u00a0\u00bb100%\u00a0\u00bb custom_padding=\u00a0\u00bb0px||||false|false\u00a0\u00bb][et_pb_column type=\u00a0\u00bb1_2&Prime; _builder_version=\u00a0\u00bb3.25&Prime; custom_padding=\u00a0\u00bb|||\u00a0\u00bb custom_padding__hover=\u00a0\u00bb|||\u00a0\u00bb][et_pb_wc_images _builder_version=\u00a0\u00bb3.0.47&Prime;][\/et_pb_wc_images][\/et_pb_column][et_pb_column type=\u00a0\u00bb1_2&Prime; _builder_version=\u00a0\u00bb3.25&Prime; custom_padding=\u00a0\u00bb|||\u00a0\u00bb custom_padding__hover=\u00a0\u00bb|||\u00a0\u00bb][et_pb_wc_title _builder_version=\u00a0\u00bb3.0.47&Prime;][\/et_pb_wc_title][et_pb_wc_rating _builder_version=\u00a0\u00bb3.0.47&Prime;][\/et_pb_wc_rating][et_pb_wc_price _builder_version=\u00a0\u00bb3.0.47&Prime;][\/et_pb_wc_price][et_pb_wc_description _builder_version=\u00a0\u00bb3.0.47&Prime;][\/et_pb_wc_description][et_pb_wc_add_to_cart _builder_version=\u00a0\u00bb3.0.47&Prime;][\/et_pb_wc_add_to_cart][et_pb_image src=\u00a0\u00bbhttp:\/\/librairie.abmci.com\/wp-content\/uploads\/2021\/01\/disponible-sur-amazon.png\u00a0\u00bb title_text=\u00a0\u00bbdisponible sur amazon\u00a0\u00bb url=\u00a0\u00bbhttps:\/\/www.amazon.fr\/VERITE-SUR-PRIERES-NON-EXAUCEES\/dp\/B09172J81F\/ref=sr_1_3?dchild=1&#038;qid=1623892927&#038;refinements=p_27%3AAlexandre+Amazou&#038;s=books&#038;sr=1-3&#038;text=Alexandre+Amazou\u00a0\u00bb url_new_window=\u00a0\u00bbon\u00a0\u00bb _builder_version=\u00a0\u00bb4.9.6&Prime; _module_preset=\u00a0\u00bbdefault\u00a0\u00bb width=\u00a0\u00bb29%\u00a0\u00bb max_width=\u00a0\u00bb65%\u00a0\u00bb module_alignment=\u00a0\u00bbleft\u00a0\u00bb][\/et_pb_image][et_pb_wc_meta _builder_version=\u00a0\u00bb3.0.47&Prime;][\/et_pb_wc_meta][\/et_pb_column][\/et_pb_row][et_pb_row _builder_version=\u00a0\u00bb3.25&Prime; background_size=\u00a0\u00bbinitial\u00a0\u00bb background_position=\u00a0\u00bbtop_left\u00a0\u00bb background_repeat=\u00a0\u00bbrepeat\u00a0\u00bb width=\u00a0\u00bb100%\u00a0\u00bb][et_pb_column type=\u00a0\u00bb4_4&Prime; _builder_version=\u00a0\u00bb3.25&Prime; custom_padding=\u00a0\u00bb|||\u00a0\u00bb custom_padding__hover=\u00a0\u00bb|||\u00a0\u00bb][et_pb_wc_tabs _builder_version=\u00a0\u00bb3.0.47&Prime;]\t\t\t\t\t[\/et_pb_wc_tabs][et_pb_wc_upsells _builder_version=\u00a0\u00bb3.0.47&Prime;][\/et_pb_wc_upsells][et_pb_wc_related_products _builder_version=\u00a0\u00bb3.0.47&Prime;][\/et_pb_wc_related_products][\/et_pb_column][\/et_pb_row][\/et_pb_section]<\/p>\n","protected":false},"excerpt":{"rendered":"<p>Alexandre Amazou a eu sa vie transform\u00e9e suite a un appel au minist\u00e8re de la parole par le Seigneur. Ce minist\u00e8re a \u00e9t\u00e9 confirm\u00e9 lors d&rsquo;enseignement et de s\u00e9minaires par des signes et des miracles. Tant au plan national qu&rsquo;international. Ing\u00e9nieur en Marketing et Management de formation, il d\u00e9tient aussi un dipl\u00f4m\u00e9 international en transport a\u00e9rien, option marchandise dangereuse ( Gen\u00e8ve Suisse). IL est le pr\u00e9sident international SEED OF LIFE MINISTRIES et des Eglises Alliance Biblique Missionnaire Cote d&rsquo;Ivoire, ainsi que fondateur-formateur a l&rsquo;institut sup\u00e9rieur de l&rsquo;Enseignement Biblique Missionnaire (ISEBM). Outre ses charges de pasteur principal d&rsquo;ABMCI cath\u00e9drale \u00e0 Abidjan, Alexandre AMAZOU est dipl\u00f4m\u00e9 d&rsquo;un Doctorat en Divinit\u00e9 de l&rsquo;Universit\u00e9 biblique d&rsquo;Atlanta (USA). IL intervient aussi comme missionnaire dans plusieurs pays du monde. Alexandre AMAZOU est mari\u00e9 au pasteur LAURETTE AMAZOU, il est p\u00e8re de quatre enfants, Chris esli, Davida fayette, Orli nouriel et ivanka shalom.<\/p>\n","protected":false},"featured_media":128,"comment_status":"open","ping_status":"closed","template":"","meta":{"_et_pb_use_builder":"on","_et_pb_old_content":"Alexandre Amazou a eu sa vie transform\u00e9e suite a un appel au minist\u00e8re de la parole par le Seigneur. Ce minist\u00e8re a \u00e9t\u00e9 confirm\u00e9 lors d'enseignement et de s\u00e9minaires par des signes et des miracles. Tant au plan national qu'international. Ing\u00e9nieur en Marketing et Management de formation, il d\u00e9tient aussi un dipl\u00f4m\u00e9 international en transport a\u00e9rien, option marchandise dangereuse ( Gen\u00e8ve Suisse). IL est le pr\u00e9sident international SEED OF LIFE MINISTRIES et des Eglises Alliance Biblique Missionnaire Cote d'Ivoire, ainsi que fondateur-formateur a l'institut sup\u00e9rieur de l'Enseignement Biblique Missionnaire (ISEBM). Outre ses charges de pasteur principal d'ABMCI cath\u00e9drale \u00e0 Abidjan, Alexandre AMAZOU est dipl\u00f4m\u00e9 d'un Doctorat en Divinit\u00e9 de l'Universit\u00e9 biblique d'Atlanta (USA). IL intervient aussi comme missionnaire dans plusieurs pays du monde. Alexandre AMAZOU est mari\u00e9 au pasteur LAURETTE AMAZOU, il est p\u00e8re de quatre enfants, Chris esli, Davida fayette, Orli nouriel et ivanka shalom.","_et_gb_content_width":""},"product_cat":[15,17],"product_tag":[],"class_list":["post-19","product","type-product","status-publish","has-post-thumbnail","hentry","product_cat-livre","product_cat-livre-papier"],"_links":{"self":[{"href":"https:\/\/librairie.abmci.com\/index.php\/wp-json\/wp\/v2\/product\/19","targetHints":{"allow":["GET"]}}],"collection":[{"href":"https:\/\/librairie.abmci.com\/index.php\/wp-json\/wp\/v2\/product"}],"about":[{"href":"https:\/\/librairie.abmci.com\/index.php\/wp-json\/wp\/v2\/types\/product"}],"replies":[{"embeddable":true,"href":"https:\/\/librairie.abmci.com\/index.php\/wp-json\/wp\/v2\/comments?post=19"}],"wp:featuredmedia":[{"embeddable":true,"href":"https:\/\/librairie.abmci.com\/index.php\/wp-json\/wp\/v2\/media\/128"}],"wp:attachment":[{"href":"https:\/\/librairie.abmci.com\/index.php\/wp-json\/wp\/v2\/media?parent=19"}],"wp:term":[{"taxonomy":"product_cat","embeddable":true,"href":"https:\/\/librairie.abmci.com\/index.php\/wp-json\/wp\/v2\/product_cat?post=19"},{"taxonomy":"product_tag","embeddable":true,"href":"https:\/\/librairie.abmci.com\/index.php\/wp-json\/wp\/v2\/product_tag?post=19"}],"curies":[{"name":"wp","href":"https:\/\/api.w.org\/{rel}","templated":true}]}}