{"id":17,"date":"2021-01-29T16:45:28","date_gmt":"2021-01-29T15:45:28","guid":{"rendered":"http:\/\/librairie.abmci.com\/index.php\/produit\/import-placeholder-for-2792\/"},"modified":"2021-06-16T22:59:31","modified_gmt":"2021-06-16T20:59:31","slug":"commencer-et-bien-finir-sa-vie","status":"publish","type":"product","link":"https:\/\/librairie.abmci.com\/index.php\/produit\/commencer-et-bien-finir-sa-vie\/","title":{"rendered":"Commencer et bien finir sa vie"},"content":{"rendered":"<p><img loading=\"lazy\" decoding=\"async\" class=\" wp-image-3132 alignleft\" src=\"http:\/\/abmci.com\/wp-content\/uploads\/2019\/10\/image-176_resultat-190x300.jpg\" alt=\"\" width=\"130\" height=\"205\" \/> Alexandre Amazou a eu sa vie transform\u00e9e suite a un appel au minist\u00e8re de la parole par le Seigneur. Ce minist\u00e8re a \u00e9t\u00e9 confirm\u00e9 lors d&rsquo;enseignement et de s\u00e9minaires par des signes et des miracles. Tant au plan national qu&rsquo;international. Ing\u00e9nieur en Marketing et Management de formation, il d\u00e9tient aussi un dipl\u00f4m\u00e9 international en transport a\u00e9rien, option marchandise dangereuse ( Gen\u00e8ve Suisse). IL est le pr\u00e9sident international SEED OF LIFE MINISTRIES et des Eglises Alliance Biblique Missionnaire Cote d&rsquo;Ivoire, ainsi que fondateur-formateur a l&rsquo;institut sup\u00e9rieur de l&rsquo;Enseignement Biblique Missionnaire (ISEBM). Outre ses charges de pasteur principal d&rsquo;ABMCI cath\u00e9drale \u00e0 Abidjan, Alexandre AMAZOU est dipl\u00f4m\u00e9 d&rsquo;un Doctorat en Divinit\u00e9 de l&rsquo;Universit\u00e9 biblique d&rsquo;Atlanta (USA).<\/p>\n","protected":false},"excerpt":{"rendered":"<p>Alexandre Amazou a eu sa vie transform\u00e9e suite a un appel au minist\u00e8re de la parole par le Seigneur. Ce minist\u00e8re a \u00e9t\u00e9 confirm\u00e9 lors d&rsquo;enseignement et de s\u00e9minaires par des signes et des miracles. Tant au plan national qu&rsquo;international. Ing\u00e9nieur en Marketing et Management de formation, il d\u00e9tient aussi un dipl\u00f4m\u00e9 international en transport a\u00e9rien, option marchandise dangereuse ( Gen\u00e8ve Suisse). IL est le pr\u00e9sident international SEED OF LIFE MINISTRIES et des Eglises Alliance Biblique Missionnaire Cote d&rsquo;Ivoire, ainsi que fondateur-formateur a l&rsquo;institut sup\u00e9rieur de l&rsquo;Enseignement Biblique Missionnaire (ISEBM). Outre ses charges de pasteur principal d&rsquo;ABMCI cath\u00e9drale \u00e0 Abidjan, Alexandre AMAZOU est dipl\u00f4m\u00e9 d&rsquo;un Doctorat en Divinit\u00e9 de l&rsquo;Universit\u00e9 biblique d&rsquo;Atlanta (USA).<\/p>\n","protected":false},"featured_media":41,"comment_status":"open","ping_status":"closed","template":"","meta":{"_et_pb_use_builder":"on","_et_pb_old_content":"<img class=\" wp-image-3132 alignleft\" src=\"http:\/\/abmci.com\/wp-content\/uploads\/2019\/10\/image-176_resultat-190x300.jpg\" alt=\"\" width=\"130\" height=\"205\" \/> Alexandre Amazou a eu sa vie transform\u00e9e suite a un appel au minist\u00e8re de la parole par le Seigneur. Ce minist\u00e8re a \u00e9t\u00e9 confirm\u00e9 lors d'enseignement et de s\u00e9minaires par des signes et des miracles. Tant au plan national qu'international. Ing\u00e9nieur en Marketing et Management de formation, il d\u00e9tient aussi un dipl\u00f4m\u00e9 international en transport a\u00e9rien, option marchandise dangereuse ( Gen\u00e8ve Suisse). IL est le pr\u00e9sident international SEED OF LIFE MINISTRIES et des Eglises Alliance Biblique Missionnaire Cote d'Ivoire, ainsi que fondateur-formateur a l'institut sup\u00e9rieur de l'Enseignement Biblique Missionnaire (ISEBM). Outre ses charges de pasteur principal d'ABMCI cath\u00e9drale \u00e0 Abidjan, Alexandre AMAZOU est dipl\u00f4m\u00e9 d'un Doctorat en Divinit\u00e9 de l'Universit\u00e9 biblique d'Atlanta (USA).","_et_gb_content_width":""},"product_cat":[15],"product_tag":[],"class_list":["post-17","product","type-product","status-publish","has-post-thumbnail","hentry","product_cat-livre"],"_links":{"self":[{"href":"https:\/\/librairie.abmci.com\/index.php\/wp-json\/wp\/v2\/product\/17","targetHints":{"allow":["GET"]}}],"collection":[{"href":"https:\/\/librairie.abmci.com\/index.php\/wp-json\/wp\/v2\/product"}],"about":[{"href":"https:\/\/librairie.abmci.com\/index.php\/wp-json\/wp\/v2\/types\/product"}],"replies":[{"embeddable":true,"href":"https:\/\/librairie.abmci.com\/index.php\/wp-json\/wp\/v2\/comments?post=17"}],"wp:featuredmedia":[{"embeddable":true,"href":"https:\/\/librairie.abmci.com\/index.php\/wp-json\/wp\/v2\/media\/41"}],"wp:attachment":[{"href":"https:\/\/librairie.abmci.com\/index.php\/wp-json\/wp\/v2\/media?parent=17"}],"wp:term":[{"taxonomy":"product_cat","embeddable":true,"href":"https:\/\/librairie.abmci.com\/index.php\/wp-json\/wp\/v2\/product_cat?post=17"},{"taxonomy":"product_tag","embeddable":true,"href":"https:\/\/librairie.abmci.com\/index.php\/wp-json\/wp\/v2\/product_tag?post=17"}],"curies":[{"name":"wp","href":"https:\/\/api.w.org\/{rel}","templated":true}]}}